{"id":5781,"date":"2024-04-08T12:12:57","date_gmt":"2024-04-08T16:12:57","guid":{"rendered":"https:\/\/safda.ca\/communication-towers\/"},"modified":"2024-05-01T11:21:44","modified_gmt":"2024-05-01T15:21:44","slug":"infrastructures-towers","status":"publish","type":"page","link":"https:\/\/safda.ca\/en\/infrastructures-towers\/","title":{"rendered":"Communication towers"},"content":{"rendered":"\t\t<div data-elementor-type=\"wp-page\" data-elementor-id=\"5781\" class=\"elementor elementor-5781 elementor-3796\" data-elementor-post-type=\"page\">\n\t\t\t\t<div class=\"elementor-element elementor-element-bec1cf9 e-con-full e-flex e-con e-parent\" data-id=\"bec1cf9\" data-element_type=\"container\" data-e-type=\"container\" data-settings=\"{&quot;background_background&quot;:&quot;classic&quot;}\">\n\t\t<div class=\"elementor-element elementor-element-0209ec3 e-con-full e-flex e-con e-child\" data-id=\"0209ec3\" data-element_type=\"container\" data-e-type=\"container\">\n\t\t\t\t<div class=\"elementor-element elementor-element-50f39d6 elementor-widget elementor-widget-heading\" data-id=\"50f39d6\" data-element_type=\"widget\" data-e-type=\"widget\" data-widget_type=\"heading.default\">\n\t\t\t\t<div class=\"elementor-widget-container\">\n\t\t\t\t\t<h2 class=\"elementor-heading-title elementor-size-default\">Communication towers<\/h2>\t\t\t\t<\/div>\n\t\t\t\t<\/div>\n\t\t\t\t<\/div>\n\t\t\t\t<\/div>\n\t\t<div class=\"elementor-element elementor-element-53b98f4 e-flex e-con-boxed e-con e-parent\" data-id=\"53b98f4\" data-element_type=\"container\" data-e-type=\"container\">\n\t\t\t\t\t<div class=\"e-con-inner\">\n\t\t\t\t<div class=\"elementor-element elementor-element-bf96af7 elementor-widget elementor-widget-text-editor\" data-id=\"bf96af7\" data-element_type=\"widget\" data-e-type=\"widget\" data-widget_type=\"text-editor.default\">\n\t\t\t\t<div class=\"elementor-widget-container\">\n\t\t\t\t\t\t\t\t\t<p>Communication towers are ubiquitous in the urban landscape. They play a crucial role in ensuring fast, reliable connectivity. Whether for mobile telephony, wireless networks or high-speed data transmission, a solid infrastructure is essential to meet growing connectivity needs. Their design, height and location must be carefully planned for their specific application, while minimizing their visual impact on the surrounding environment.<\/p>\n\t\t\t\t\t\t\t\t<\/div>\n\t\t\t\t<\/div>\n\t\t\t\t\t<\/div>\n\t\t\t\t<\/div>\n\t\t<div class=\"elementor-element elementor-element-b8f7eeb e-con-full e-flex e-con e-parent\" data-id=\"b8f7eeb\" data-element_type=\"container\" data-e-type=\"container\" data-settings=\"{&quot;background_background&quot;:&quot;classic&quot;}\">\n\t\t<div class=\"elementor-element elementor-element-d524d5d e-con-full e-flex e-con e-child\" data-id=\"d524d5d\" data-element_type=\"container\" data-e-type=\"container\">\n\t\t\t\t<div class=\"elementor-element elementor-element-98e15ab elementor-widget elementor-widget-heading\" data-id=\"98e15ab\" data-element_type=\"widget\" data-e-type=\"widget\" data-widget_type=\"heading.default\">\n\t\t\t\t<div class=\"elementor-widget-container\">\n\t\t\t\t\t<h2 class=\"elementor-heading-title elementor-size-default\">We're with you every step of the way<\/h2>\t\t\t\t<\/div>\n\t\t\t\t<\/div>\n\t\t\t\t<div class=\"elementor-element elementor-element-0fe8bdd elementor-widget elementor-widget-text-editor\" data-id=\"0fe8bdd\" data-element_type=\"widget\" data-e-type=\"widget\" data-widget_type=\"text-editor.default\">\n\t\t\t\t<div class=\"elementor-widget-container\">\n\t\t\t\t\t\t\t\t\t<p>At Solutions Safda, we understand the challenges and constraints inherent in building telecommunications infrastructures. We are convinced that the objective when acquiring a telecom tower is to maximize the potential benefits that this structure can bring to its owner.<\/p>\n\t\t\t\t\t\t\t\t<\/div>\n\t\t\t\t<\/div>\n\t\t\t\t<div class=\"elementor-element elementor-element-f4f90d3 elementor-widget elementor-widget-text-editor\" data-id=\"f4f90d3\" data-element_type=\"widget\" data-e-type=\"widget\" data-widget_type=\"text-editor.default\">\n\t\t\t\t<div class=\"elementor-widget-container\">\n\t\t\t\t\t\t\t\t\t<p>We have long-standing relationships with leading manufacturers in the industry. They rely on our expertise to identify our customers&#8217; objectives for the acquisition of telecom structures, and to bring their projects to a successful conclusion.<\/p>\n<p>The result? Sturdy structures, adapted to their environment and meeting all the objectives set by future owners.<\/p>\n\t\t\t\t\t\t\t\t<\/div>\n\t\t\t\t<\/div>\n\t\t\t\t<\/div>\n\t\t<div class=\"elementor-element elementor-element-cf71803 e-con-full e-flex e-con e-child\" data-id=\"cf71803\" data-element_type=\"container\" data-e-type=\"container\">\n\t\t\t\t<div class=\"elementor-element elementor-element-4ba5628 elementor-widget elementor-widget-ucaddon_material_block_quote\" data-id=\"4ba5628\" data-element_type=\"widget\" data-e-type=\"widget\" data-widget_type=\"ucaddon_material_block_quote.default\">\n\t\t\t\t<div class=\"elementor-widget-container\">\n\t\t\t\t\t\n<!-- start Block Quote Card -->\n\t\t<link id='font-awesome-css' href='https:\/\/safda.ca\/wp-content\/plugins\/unlimited-elements-for-elementor-premium\/assets_libraries\/font-awesome6\/fontawesome-all.min.css' type='text\/css' rel='stylesheet' >\n\t\t<link id='font-awesome-4-shim-css' href='https:\/\/safda.ca\/wp-content\/plugins\/unlimited-elements-for-elementor-premium\/assets_libraries\/font-awesome6\/fontawesome-v4-shims.min.css' type='text\/css' rel='stylesheet' >\n\t\t<link id='uc_ac_assets_file_blox_border_left_blockquote_css_771-css' href='https:\/\/safda.ca\/wp-content\/uploads\/ac_assets\/blox-border-left-blockquote\/blox-border-left-blockquote.css' type='text\/css' rel='stylesheet' >\n\n\n<div class=\"blox-border-left-blockquote\" style=\"text-align:left;\">\n    \t<div class=\"blox-content\" style=\" border-color:#78BFC5; background-color:#ffffff;\">\n        \t<i style=\"background-color:#B8BFC2;\" class=\"fas fa-quote-left\"><\/i>\n            <div class=\"blox-box\">\t\n        \t\t<span  class=\"uc_style_material_block_quote_elementor_description\" >In 2023, the R\u00e9gie intermunicipale de s\u00e9curit\u00e9 incendie de la Vall\u00e9e-du-Richelieu began a construction project for one of our fire stations, 21 in Bel\u0153il. With our telecoms supplier, we had a number of questions about the type of tower to erect to enable wireless communication between our various fire stations in the area, which proved to be a major challenge. It was therefore essential to work with a company specializing in this field to ensure that our future installation would meet our needs.<br><br>\n\nThe service provided by the SAFDA Solutions representative enabled us to target the best type of tower and its components. The technical skills and customer service we received during our many interactions certainly contributed to the successful completion of this project, which is of paramount importance to our emergency service.<br><br> \n\nWithout hesitation, we recommend that you contact the SAFDA Solutions specialists to discuss your projects. You won't regret it!<\/span>\n            <\/div>\n           \t<div style=\"color:#BBC1C4;\" class=\"blox-author\"><span  class=\"uc_style_material_block_quote_elementor_title\" style=\"color:#A49E9E;\"><br><strong>Donald Lebrun, TPI<\/strong><br>Division Manager, Strategic Management<br>R\u00e9gie intermunicipale de s\u00e9curit\u00e9 incendie de la Vall\u00e9e-du-Richelieu<\/span><\/div>\n        <\/div>\n    <\/div>\n<!-- end Block Quote Card -->\t\t\t\t<\/div>\n\t\t\t\t<\/div>\n\t\t\t\t<\/div>\n\t\t\t\t<\/div>\n\t\t<div class=\"elementor-element elementor-element-c50b5a9 e-flex e-con-boxed e-con e-parent\" data-id=\"c50b5a9\" data-element_type=\"container\" data-e-type=\"container\">\n\t\t\t\t\t<div class=\"e-con-inner\">\n\t\t\t\t<div class=\"elementor-element elementor-element-7afa1ef elementor-widget elementor-widget-text-editor\" data-id=\"7afa1ef\" data-element_type=\"widget\" data-e-type=\"widget\" data-widget_type=\"text-editor.default\">\n\t\t\t\t<div class=\"elementor-widget-container\">\n\t\t\t\t\t\t\t\t\t<p>Whatever the size of your project, we&#8217;re here to help! Our wide range of solutions and our commitment to your satisfaction guarantee that together we&#8217;ll find the best structure to meet your needs, while respecting your budget.<\/p>\n\t\t\t\t\t\t\t\t<\/div>\n\t\t\t\t<\/div>\n\t\t\t\t<div class=\"elementor-element elementor-element-bf7adad elementor-widget elementor-widget-text-editor\" data-id=\"bf7adad\" data-element_type=\"widget\" data-e-type=\"widget\" data-widget_type=\"text-editor.default\">\n\t\t\t\t<div class=\"elementor-widget-container\">\n\t\t\t\t\t\t\t\t\t<p>We&#8217;d be delighted to assist you! Start by telling us about your project by completing our online questionnaire, which will help us understand your application. A representative will contact you shortly so we can complete your project together.<\/p>\n\t\t\t\t\t\t\t\t<\/div>\n\t\t\t\t<\/div>\n\t\t\t\t<div class=\"elementor-element elementor-element-e522f67 elementor-widget elementor-widget-text-editor\" data-id=\"e522f67\" data-element_type=\"widget\" data-e-type=\"widget\" data-widget_type=\"text-editor.default\">\n\t\t\t\t<div class=\"elementor-widget-container\">\n\t\t\t\t\t\t\t\t\t<p><strong>Together, we&#8217;ll make your telecom tower project a reality.<\/strong><\/p>\n\t\t\t\t\t\t\t\t<\/div>\n\t\t\t\t<\/div>\n\t\t\t\t\t<\/div>\n\t\t\t\t<\/div>\n\t\t<div class=\"elementor-element elementor-element-f22eac4 e-flex e-con-boxed e-con e-parent\" data-id=\"f22eac4\" data-element_type=\"container\" data-e-type=\"container\" data-settings=\"{&quot;background_background&quot;:&quot;classic&quot;}\">\n\t\t\t\t\t<div class=\"e-con-inner\">\n\t\t\t\t<div class=\"elementor-element elementor-element-913c713 elementor-widget elementor-widget-heading\" data-id=\"913c713\" data-element_type=\"widget\" data-e-type=\"widget\" data-widget_type=\"heading.default\">\n\t\t\t\t<div class=\"elementor-widget-container\">\n\t\t\t\t\t<h2 class=\"elementor-heading-title elementor-size-default\">Tell us about your project<\/h2>\t\t\t\t<\/div>\n\t\t\t\t<\/div>\n\t\t\t\t<div class=\"elementor-element elementor-element-38b266b elementor-widget elementor-widget-text-editor\" data-id=\"38b266b\" data-element_type=\"widget\" data-e-type=\"widget\" data-widget_type=\"text-editor.default\">\n\t\t\t\t<div class=\"elementor-widget-container\">\n\t\t\t\t\t\t\t\t\t<p>We&#8217;ll need some basic information to understand the requirements of your tower project.<\/p>\n\t\t\t\t\t\t\t\t<\/div>\n\t\t\t\t<\/div>\n\t\t\t\t<div class=\"elementor-element elementor-element-a5e0a41 elementor-button-align-stretch elementor-widget elementor-widget-form\" data-id=\"a5e0a41\" data-element_type=\"widget\" data-e-type=\"widget\" data-settings=\"{&quot;step_next_label&quot;:&quot;Next&quot;,&quot;step_previous_label&quot;:&quot;Previous&quot;,&quot;button_width&quot;:&quot;100&quot;,&quot;step_type&quot;:&quot;number_text&quot;,&quot;step_icon_shape&quot;:&quot;circle&quot;}\" data-widget_type=\"form.default\">\n\t\t\t\t<div class=\"elementor-widget-container\">\n\t\t\t\t\t<template id=\"cfef_logic_data_a5e0a41\" class=\"cfef_logic_data_js\" data-form-id=\"a5e0a41\">{&quot;field_afdac81&quot;:{&quot;display_mode&quot;:&quot;show&quot;,&quot;fire_action&quot;:&quot;All&quot;,&quot;file_types&quot;:&quot;png&quot;,&quot;logic_data&quot;:[{&quot;cfef_logic_field_id&quot;:&quot;type&quot;,&quot;cfef_logic_field_is&quot;:&quot;==&quot;,&quot;cfef_logic_compare_value&quot;:&quot;Autre (sp\\u00e9cifier)&quot;,&quot;_id&quot;:&quot;77cd9e9&quot;},{&quot;cfef_logic_field_id&quot;:&quot;&quot;,&quot;cfef_logic_field_is&quot;:&quot;==&quot;,&quot;cfef_logic_compare_value&quot;:&quot;&quot;,&quot;_id&quot;:&quot;0a479c3&quot;},{&quot;cfef_logic_field_id&quot;:&quot;&quot;,&quot;cfef_logic_field_is&quot;:&quot;==&quot;,&quot;cfef_logic_compare_value&quot;:&quot;&quot;,&quot;_id&quot;:&quot;66e33dd&quot;}]}}<\/template>\t\t<form class=\"elementor-form\" method=\"post\" name=\"New form\" aria-label=\"New form\">\n\t\t\t<input type=\"hidden\" name=\"post_id\" value=\"5781\"\/>\n\t\t\t<input type=\"hidden\" name=\"form_id\" value=\"a5e0a41\"\/>\n\t\t\t<input type=\"hidden\" name=\"referer_title\" value=\"Communication towers - Solutions Safda\" \/>\n\n\t\t\t\t\t\t\t<input type=\"hidden\" name=\"queried_id\" value=\"5781\"\/>\n\t\t\t\n\t\t\t<div class=\"elementor-form-fields-wrapper elementor-labels-above\">\n\t\t\t\t\t\t\t\t<div class=\"elementor-field-type-text elementor-field-group elementor-column elementor-field-group-field_1eaadfd elementor-col-50 elementor-field-required\">\n\t\t\t\t\t\t\t\t\t\t\t\t<label for=\"form-field-field_1eaadfd\" class=\"elementor-field-label\">\n\t\t\t\t\t\t\t\tFull name\t\t\t\t\t\t\t<\/label>\n\t\t\t\t\t\t\t\t\t\t\t\t\t\t<input size=\"1\" type=\"text\" name=\"form_fields[field_1eaadfd]\" id=\"form-field-field_1eaadfd\" class=\"elementor-field elementor-size-sm  elementor-field-textual\" required=\"required\">\n\t\t\t\t\t\t\t\t\t\t\t<\/div>\n\t\t\t\t\t\t\t\t<div class=\"elementor-field-type-text elementor-field-group elementor-column elementor-field-group-field_ad0ae48 elementor-col-50\">\n\t\t\t\t\t\t\t\t\t\t\t\t<label for=\"form-field-field_ad0ae48\" class=\"elementor-field-label\">\n\t\t\t\t\t\t\t\tCompany\t\t\t\t\t\t\t<\/label>\n\t\t\t\t\t\t\t\t\t\t\t\t\t\t<input size=\"1\" type=\"text\" name=\"form_fields[field_ad0ae48]\" id=\"form-field-field_ad0ae48\" class=\"elementor-field elementor-size-sm  elementor-field-textual\">\n\t\t\t\t\t\t\t\t\t\t\t<\/div>\n\t\t\t\t\t\t\t\t<div class=\"elementor-field-type-email elementor-field-group elementor-column elementor-field-group-field_df8176d elementor-col-50 elementor-field-required\">\n\t\t\t\t\t\t\t\t\t\t\t\t<label for=\"form-field-field_df8176d\" class=\"elementor-field-label\">\n\t\t\t\t\t\t\t\tE-mail\t\t\t\t\t\t\t<\/label>\n\t\t\t\t\t\t\t\t\t\t\t\t\t\t<input size=\"1\" type=\"email\" name=\"form_fields[field_df8176d]\" id=\"form-field-field_df8176d\" class=\"elementor-field elementor-size-sm  elementor-field-textual\" required=\"required\">\n\t\t\t\t\t\t\t\t\t\t\t<\/div>\n\t\t\t\t\t\t\t\t<div class=\"elementor-field-type-tel elementor-field-group elementor-column elementor-field-group-field_9fa851d elementor-col-50\">\n\t\t\t\t\t\t\t\t\t\t\t\t<label for=\"form-field-field_9fa851d\" class=\"elementor-field-label\">\n\t\t\t\t\t\t\t\tPhone\t\t\t\t\t\t\t<\/label>\n\t\t\t\t\t\t\t\t<input size=\"1\" type=\"tel\" name=\"form_fields[field_9fa851d]\" id=\"form-field-field_9fa851d\" class=\"elementor-field elementor-size-sm  elementor-field-textual\" pattern=\"[0-9()#&amp;+*-=.]+\" title=\"Only numbers and phone characters (#, -, *, etc) are accepted.\">\n\n\t\t\t\t\t\t<\/div>\n\t\t\t\t\t\t\t\t<div class=\"elementor-field-type-select elementor-field-group elementor-column elementor-field-group-type elementor-col-100 elementor-field-required\">\n\t\t\t\t\t\t\t\t\t\t\t\t<label for=\"form-field-type\" class=\"elementor-field-label\">\n\t\t\t\t\t\t\t\t1. Structure type\t\t\t\t\t\t\t<\/label>\n\t\t\t\t\t\t\t\t<div class=\"elementor-field elementor-select-wrapper remove-before \">\n\t\t\t<div class=\"select-caret-down-wrapper\">\n\t\t\t\t<svg aria-hidden=\"true\" class=\"e-font-icon-svg e-eicon-caret-down\" viewBox=\"0 0 571.4 571.4\" xmlns=\"http:\/\/www.w3.org\/2000\/svg\"><path d=\"M571 393Q571 407 561 418L311 668Q300 679 286 679T261 668L11 418Q0 407 0 393T11 368 36 357H536Q550 357 561 368T571 393Z\"><\/path><\/svg>\t\t\t<\/div>\n\t\t\t<select name=\"form_fields[type]\" id=\"form-field-type\" class=\"elementor-field-textual elementor-size-sm\" required=\"required\">\n\t\t\t\t\t\t\t\t\t<option value=\"Select an option\">Select an option<\/option>\n\t\t\t\t\t\t\t\t\t<option value=\"Self-supporting structure (heights from 40 to 120 feet)\">Self-supporting structure (heights from 40 to 120 feet)<\/option>\n\t\t\t\t\t\t\t\t\t<option value=\"Structure with steel cable support (height of 80 to 200 feet)\">Structure with steel cable support (height of 80 to 200 feet)<\/option>\n\t\t\t\t\t\t\t\t\t<option value=\"Mobile retractable structure on trailer (height up to 120 feet)\">Mobile retractable structure on trailer (height up to 120 feet)<\/option>\n\t\t\t\t\t\t\t\t\t<option value=\"Other (specify)\">Other (specify)<\/option>\n\t\t\t\t\t\t\t<\/select>\n\t\t<\/div>\n\t\t\t\t\t\t<\/div>\n\t\t\t\t\t\t\t\t<div class=\"elementor-field-type-text elementor-field-group elementor-column elementor-field-group-field_afdac81 elementor-col-100\">\n\t\t\t\t\t\t\t\t\t\t\t\t\t<input size=\"1\" type=\"text\" name=\"form_fields[field_afdac81]\" id=\"form-field-field_afdac81\" class=\"elementor-field elementor-size-sm  elementor-field-textual\" placeholder=\"Specify\">\n\t\t\t\t\t\t\t\t\t\t\t<\/div>\n\t\t\t\t\t\t\t\t<div class=\"elementor-field-type-select elementor-field-group elementor-column elementor-field-group-field_fcf7c45 elementor-col-100 elementor-field-required\">\n\t\t\t\t\t\t\t\t\t\t\t\t<label for=\"form-field-field_fcf7c45\" class=\"elementor-field-label\">\n\t\t\t\t\t\t\t\t2. Desired height\t\t\t\t\t\t\t<\/label>\n\t\t\t\t\t\t\t\t<div class=\"elementor-field elementor-select-wrapper remove-before \">\n\t\t\t<div class=\"select-caret-down-wrapper\">\n\t\t\t\t<svg aria-hidden=\"true\" class=\"e-font-icon-svg e-eicon-caret-down\" viewBox=\"0 0 571.4 571.4\" xmlns=\"http:\/\/www.w3.org\/2000\/svg\"><path d=\"M571 393Q571 407 561 418L311 668Q300 679 286 679T261 668L11 418Q0 407 0 393T11 368 36 357H536Q550 357 561 368T571 393Z\"><\/path><\/svg>\t\t\t<\/div>\n\t\t\t<select name=\"form_fields[field_fcf7c45]\" id=\"form-field-field_fcf7c45\" class=\"elementor-field-textual elementor-size-sm\" required=\"required\">\n\t\t\t\t\t\t\t\t\t<option value=\"Select an option\">Select an option<\/option>\n\t\t\t\t\t\t\t\t\t<option value=\"40 to 80 feet \">40 to 80 feet <\/option>\n\t\t\t\t\t\t\t\t\t<option value=\"81 to 120 feet \">81 to 120 feet <\/option>\n\t\t\t\t\t\t\t\t\t<option value=\"121 to 160 feet\">121 to 160 feet<\/option>\n\t\t\t\t\t\t\t\t\t<option value=\"161 to 200 feet\">161 to 200 feet<\/option>\n\t\t\t\t\t\t\t\t\t<option value=\"201 feet and over\">201 feet and over<\/option>\n\t\t\t\t\t\t\t<\/select>\n\t\t<\/div>\n\t\t\t\t\t\t<\/div>\n\t\t\t\t\t\t\t\t<div class=\"elementor-field-type-select elementor-field-group elementor-column elementor-field-group-field_48f4dec elementor-col-100 elementor-field-required\">\n\t\t\t\t\t\t\t\t\t\t\t\t<label for=\"form-field-field_48f4dec\" class=\"elementor-field-label\">\n\t\t\t\t\t\t\t\t3. On which type of terrain the structure will be installed\t\t\t\t\t\t\t<\/label>\n\t\t\t\t\t\t\t\t<div class=\"elementor-field elementor-select-wrapper remove-before \">\n\t\t\t<div class=\"select-caret-down-wrapper\">\n\t\t\t\t<svg aria-hidden=\"true\" class=\"e-font-icon-svg e-eicon-caret-down\" viewBox=\"0 0 571.4 571.4\" xmlns=\"http:\/\/www.w3.org\/2000\/svg\"><path d=\"M571 393Q571 407 561 418L311 668Q300 679 286 679T261 668L11 418Q0 407 0 393T11 368 36 357H536Q550 357 561 368T571 393Z\"><\/path><\/svg>\t\t\t<\/div>\n\t\t\t<select name=\"form_fields[field_48f4dec]\" id=\"form-field-field_48f4dec\" class=\"elementor-field-textual elementor-size-sm\" required=\"required\">\n\t\t\t\t\t\t\t\t\t<option value=\"Select an option\">Select an option<\/option>\n\t\t\t\t\t\t\t\t\t<option value=\"Flat, easy-to-access site for excavation of a poured-concrete foundation\">Flat, easy-to-access site for excavation of a poured-concrete foundation<\/option>\n\t\t\t\t\t\t\t\t\t<option value=\"Flat terrain but difficult access for excavation\">Flat terrain but difficult access for excavation<\/option>\n\t\t\t\t\t\t\t\t\t<option value=\"Mountainous terrain or rocky ground impossible to excavate\">Mountainous terrain or rocky ground impossible to excavate<\/option>\n\t\t\t\t\t\t\t\t\t<option value=\"Not applicable\">Not applicable<\/option>\n\t\t\t\t\t\t\t\t\t<option value=\"\"><\/option>\n\t\t\t\t\t\t\t<\/select>\n\t\t<\/div>\n\t\t\t\t\t\t<\/div>\n\t\t\t\t\t\t\t\t<div class=\"elementor-field-type-text elementor-field-group elementor-column elementor-field-group-field_f40609d elementor-col-100 elementor-field-required\">\n\t\t\t\t\t\t\t\t\t\t\t\t<label for=\"form-field-field_f40609d\" class=\"elementor-field-label\">\n\t\t\t\t\t\t\t\t4. For which technology the structure will be used\t\t\t\t\t\t\t<\/label>\n\t\t\t\t\t\t\t\t\t\t\t\t\t\t<input size=\"1\" type=\"text\" name=\"form_fields[field_f40609d]\" id=\"form-field-field_f40609d\" class=\"elementor-field elementor-size-sm  elementor-field-textual\" required=\"required\">\n\t\t\t\t\t\t\t\t\t\t\t<\/div>\n\t\t\t\t\t\t\t\t<div class=\"elementor-field-type-radio elementor-field-group elementor-column elementor-field-group-field_9d61ffe elementor-col-100 elementor-field-required\">\n\t\t\t\t\t\t\t\t\t\t\t\t<label for=\"form-field-field_9d61ffe\" class=\"elementor-field-label\">\n\t\t\t\t\t\t\t\t5. Do you require safety certification for this structure?\t\t\t\t\t\t\t<\/label>\n\t\t\t\t\t\t<div class=\"elementor-field-subgroup  \"><span class=\"elementor-field-option\"><input type=\"radio\" value=\"Yes\" id=\"form-field-field_9d61ffe-0\" name=\"form_fields[field_9d61ffe]\" required=\"required\"> <label for=\"form-field-field_9d61ffe-0\">Yes<\/label><\/span><span class=\"elementor-field-option\"><input type=\"radio\" value=\"No\" id=\"form-field-field_9d61ffe-1\" name=\"form_fields[field_9d61ffe]\" required=\"required\"> <label for=\"form-field-field_9d61ffe-1\">No<\/label><\/span><span class=\"elementor-field-option\"><input type=\"radio\" value=\"Not applicable\" id=\"form-field-field_9d61ffe-2\" name=\"form_fields[field_9d61ffe]\" required=\"required\"> <label for=\"form-field-field_9d61ffe-2\">Not applicable<\/label><\/span><\/div>\t\t\t\t<\/div>\n\t\t\t\t\t\t\t\t<div class=\"elementor-field-type-radio elementor-field-group elementor-column elementor-field-group-field_906b727 elementor-col-100 elementor-field-required\">\n\t\t\t\t\t\t\t\t\t\t\t\t<label for=\"form-field-field_906b727\" class=\"elementor-field-label\">\n\t\t\t\t\t\t\t\t6. Do you need safety certification for the foundation of this structure?\t\t\t\t\t\t\t<\/label>\n\t\t\t\t\t\t<div class=\"elementor-field-subgroup  \"><span class=\"elementor-field-option\"><input type=\"radio\" value=\"Yes\" id=\"form-field-field_906b727-0\" name=\"form_fields[field_906b727]\" required=\"required\"> <label for=\"form-field-field_906b727-0\">Yes<\/label><\/span><span class=\"elementor-field-option\"><input type=\"radio\" value=\"No \" id=\"form-field-field_906b727-1\" name=\"form_fields[field_906b727]\" required=\"required\"> <label for=\"form-field-field_906b727-1\">No <\/label><\/span><span class=\"elementor-field-option\"><input type=\"radio\" value=\"Not applicable\" id=\"form-field-field_906b727-2\" name=\"form_fields[field_906b727]\" required=\"required\"> <label for=\"form-field-field_906b727-2\">Not applicable<\/label><\/span><\/div>\t\t\t\t<\/div>\n\t\t\t\t\t\t\t\t<div class=\"elementor-field-type-textarea elementor-field-group elementor-column elementor-field-group-field_ee088be elementor-col-100\">\n\t\t\t\t\t\t\t\t\t\t\t\t<label for=\"form-field-field_ee088be\" class=\"elementor-field-label\">\n\t\t\t\t\t\t\t\t7. Additional details (optional)\t\t\t\t\t\t\t<\/label>\n\t\t\t\t\t\t<textarea class=\"elementor-field-textual elementor-field  elementor-size-sm\" name=\"form_fields[field_ee088be]\" id=\"form-field-field_ee088be\" rows=\"4\"><\/textarea>\t\t\t\t<\/div>\n\t\t\t\t\t\t\t\t<div class=\"elementor-field-type-radio elementor-field-group elementor-column elementor-field-group-field_7cdc575 elementor-col-100 elementor-field-required\">\n\t\t\t\t\t\t\t\t\t\t\t\t<label for=\"form-field-field_7cdc575\" class=\"elementor-field-label\">\n\t\t\t\t\t\t\t\t8. How would you prefer to be contacted to discuss your project?\t\t\t\t\t\t\t<\/label>\n\t\t\t\t\t\t<div class=\"elementor-field-subgroup  \"><span class=\"elementor-field-option\"><input type=\"radio\" value=\"Phone\" id=\"form-field-field_7cdc575-0\" name=\"form_fields[field_7cdc575]\" required=\"required\"> <label for=\"form-field-field_7cdc575-0\">Phone<\/label><\/span><span class=\"elementor-field-option\"><input type=\"radio\" value=\"E-mail\" id=\"form-field-field_7cdc575-1\" name=\"form_fields[field_7cdc575]\" required=\"required\"> <label for=\"form-field-field_7cdc575-1\">E-mail<\/label><\/span><\/div>\t\t\t\t<\/div>\n\t\t\t\t\t\t\t\t<div class=\"elementor-field-group elementor-column elementor-field-type-submit elementor-col-100 e-form__buttons\">\n\t\t\t\t\t<button class=\"elementor-button elementor-size-sm\" type=\"submit\">\n\t\t\t\t\t\t<span class=\"elementor-button-content-wrapper\">\n\t\t\t\t\t\t\t\t\t\t\t\t\t\t\t\t\t\t\t\t\t\t<span class=\"elementor-button-text\">Send<\/span>\n\t\t\t\t\t\t\t\t\t\t\t\t\t<\/span>\n\t\t\t\t\t<\/button>\n\t\t\t\t<\/div>\n\t\t\t<\/div>\n\t\t<\/form>\n\t\t\t\t\t\t<\/div>\n\t\t\t\t<\/div>\n\t\t\t\t\t<\/div>\n\t\t\t\t<\/div>\n\t\t\t\t<\/div>\n\t\t","protected":false},"excerpt":{"rendered":"<p>Communication towers Communication towers are ubiquitous in the urban landscape. They play a crucial role in ensuring fast, reliable connectivity. Whether for mobile telephony, wireless networks or high-speed data transmission, a solid infrastructure is essential to meet growing connectivity needs. Their design, height and location must be carefully planned for their specific application, while minimizing [&hellip;]<\/p>\n","protected":false},"author":1,"featured_media":0,"parent":0,"menu_order":0,"comment_status":"closed","ping_status":"closed","template":"","meta":{"_acf_changed":false,"footnotes":""},"class_list":["post-5781","page","type-page","status-publish","hentry"],"acf":[],"_links":{"self":[{"href":"https:\/\/safda.ca\/en\/wp-json\/wp\/v2\/pages\/5781","targetHints":{"allow":["GET"]}}],"collection":[{"href":"https:\/\/safda.ca\/en\/wp-json\/wp\/v2\/pages"}],"about":[{"href":"https:\/\/safda.ca\/en\/wp-json\/wp\/v2\/types\/page"}],"author":[{"embeddable":true,"href":"https:\/\/safda.ca\/en\/wp-json\/wp\/v2\/users\/1"}],"replies":[{"embeddable":true,"href":"https:\/\/safda.ca\/en\/wp-json\/wp\/v2\/comments?post=5781"}],"version-history":[{"count":0,"href":"https:\/\/safda.ca\/en\/wp-json\/wp\/v2\/pages\/5781\/revisions"}],"wp:attachment":[{"href":"https:\/\/safda.ca\/en\/wp-json\/wp\/v2\/media?parent=5781"}],"curies":[{"name":"wp","href":"https:\/\/api.w.org\/{rel}","templated":true}]}}