{"id":13748,"date":"2024-04-30T23:56:24","date_gmt":"2024-05-01T03:56:24","guid":{"rendered":"https:\/\/safda.ca\/produit\/1g-sfp-smf-lx-transceiver-1310nm-40c-to-85c-sfp-1g-lx\/"},"modified":"2024-05-01T10:52:59","modified_gmt":"2024-05-01T14:52:59","slug":"1g-sfp-smf-lx-transceiver-1310nm-40c-to-85c-sfp-1g-lx","status":"publish","type":"product","link":"https:\/\/safda.ca\/en\/1g-sfp-smf-lx-transceiver-1310nm-40c-to-85c-sfp-1g-lx\/","title":{"rendered":"\u00c9metteur-r\u00e9cepteur 1G SFP SMF LX, 1310nm. -40C \u00e0 85C (SFP-1G-LX)"},"content":{"rendered":"<p>Cet \u00e9metteur-r\u00e9cepteur SFP est un module performant et \u00e9conomique qui prend en charge un d\u00e9bit de donn\u00e9es de 1,25 Gbps et une distance de transmission de 20 km avec la technologie SMF.<\/p>\n<p>L&#8217;\u00e9metteur-r\u00e9cepteur se compose de trois sections : un \u00e9metteur laser FP, une photodiode PIN int\u00e9gr\u00e9e \u00e0 un pr\u00e9amplificateur \u00e0 trans-imp\u00e9dance (TIA) et une unit\u00e9 de commande MCU. Tous les modules r\u00e9pondent aux exigences de s\u00e9curit\u00e9 laser de classe I.<br \/>\nLes \u00e9metteurs-r\u00e9cepteurs sont compatibles avec les accords multisources SFP (MSA) et SFF-8472.<\/p>\n","protected":false},"excerpt":{"rendered":"<p>\u00c9metteur-r\u00e9cepteur 1G SFP SMF LX, 1310nm. De -40\u00b0C \u00e0 85\u00b0C. Compatible avec les commutateurs cnMatrix EX1010\/1010-P, EX2010\/2010-P, EX1028\/1028-P et EX2028\/2028-P.<\/p>\n","protected":false},"featured_media":14036,"template":"","meta":{"_acf_changed":false},"pwb-brand":[],"product_cat":[108],"product_tag":[],"class_list":{"0":"post-13748","1":"product","2":"type-product","3":"status-publish","4":"has-post-thumbnail","6":"product_cat-datacom","7":"pa_manufacturer-cambium-networks","9":"first","10":"instock","11":"taxable","12":"shipping-taxable","13":"purchasable","14":"product-type-simple"},"acf":[],"brands":[],"_links":{"self":[{"href":"https:\/\/safda.ca\/en\/wp-json\/wp\/v2\/product\/13748","targetHints":{"allow":["GET"]}}],"collection":[{"href":"https:\/\/safda.ca\/en\/wp-json\/wp\/v2\/product"}],"about":[{"href":"https:\/\/safda.ca\/en\/wp-json\/wp\/v2\/types\/product"}],"version-history":[{"count":0,"href":"https:\/\/safda.ca\/en\/wp-json\/wp\/v2\/product\/13748\/revisions"}],"wp:featuredmedia":[{"embeddable":true,"href":"https:\/\/safda.ca\/en\/wp-json\/wp\/v2\/media\/14036"}],"wp:attachment":[{"href":"https:\/\/safda.ca\/en\/wp-json\/wp\/v2\/media?parent=13748"}],"wp:term":[{"taxonomy":"pwb-brand","embeddable":true,"href":"https:\/\/safda.ca\/en\/wp-json\/wp\/v2\/pwb-brand?post=13748"},{"taxonomy":"product_cat","embeddable":true,"href":"https:\/\/safda.ca\/en\/wp-json\/wp\/v2\/product_cat?post=13748"},{"taxonomy":"product_tag","embeddable":true,"href":"https:\/\/safda.ca\/en\/wp-json\/wp\/v2\/product_tag?post=13748"}],"curies":[{"name":"wp","href":"https:\/\/api.w.org\/{rel}","templated":true}]}}